{"id":207,"date":"2020-07-28T11:56:16","date_gmt":"2020-07-28T09:56:16","guid":{"rendered":"http:\/\/serialburger.fr\/?page_id=207"},"modified":"2024-07-30T11:42:51","modified_gmt":"2024-07-30T09:42:51","slug":"notre-concept","status":"publish","type":"page","link":"https:\/\/serialburger.fr\/index.php\/notre-concept\/","title":{"rendered":"NOTRE CONCEPT"},"content":{"rendered":"\t\t<div data-elementor-type=\"wp-page\" data-elementor-id=\"207\" class=\"elementor elementor-207\">\n\t\t\t\t\t\t<section class=\"elementor-section elementor-top-section elementor-element elementor-element-b0e9e38 elementor-section-stretched elementor-section-boxed elementor-section-height-default elementor-section-height-default\" data-id=\"b0e9e38\" data-element_type=\"section\" data-e-type=\"section\" data-settings=\"{&quot;stretch_section&quot;:&quot;section-stretched&quot;,&quot;background_background&quot;:&quot;classic&quot;}\">\n\t\t\t\t\t\t<div class=\"elementor-container elementor-column-gap-default\">\n\t\t\t\t\t<div class=\"elementor-column elementor-col-100 elementor-top-column elementor-element elementor-element-1802297\" data-id=\"1802297\" data-element_type=\"column\" data-e-type=\"column\">\n\t\t\t<div class=\"elementor-widget-wrap elementor-element-populated\">\n\t\t\t\t\t\t<section class=\"elementor-section elementor-inner-section elementor-element elementor-element-6bb0d69 elementor-section-boxed elementor-section-height-default elementor-section-height-default\" data-id=\"6bb0d69\" data-element_type=\"section\" data-e-type=\"section\" data-settings=\"{&quot;animation&quot;:&quot;none&quot;}\">\n\t\t\t\t\t\t<div class=\"elementor-container elementor-column-gap-default\">\n\t\t\t\t\t<div class=\"elementor-column elementor-col-100 elementor-inner-column elementor-element elementor-element-53e7f9f\" data-id=\"53e7f9f\" data-element_type=\"column\" data-e-type=\"column\">\n\t\t\t<div class=\"elementor-widget-wrap elementor-element-populated\">\n\t\t\t\t\t\t<div class=\"elementor-element elementor-element-92ec0b9 elementor-widget elementor-widget-spacer\" data-id=\"92ec0b9\" data-element_type=\"widget\" data-e-type=\"widget\" data-widget_type=\"spacer.default\">\n\t\t\t\t<div class=\"elementor-widget-container\">\n\t\t\t\t\t\t\t<div class=\"elementor-spacer\">\n\t\t\t<div class=\"elementor-spacer-inner\"><\/div>\n\t\t<\/div>\n\t\t\t\t\t\t<\/div>\n\t\t\t\t<\/div>\n\t\t\t\t<div class=\"elementor-element elementor-element-03e0aca elementor-hidden-mobile elementor-invisible elementor-widget elementor-widget-heading\" data-id=\"03e0aca\" data-element_type=\"widget\" data-e-type=\"widget\" data-settings=\"{&quot;_animation&quot;:&quot;fadeIn&quot;}\" data-widget_type=\"heading.default\">\n\t\t\t\t<div class=\"elementor-widget-container\">\n\t\t\t\t\t<h1 class=\"elementor-heading-title elementor-size-default\">Un cot\u00e9 RESTO et Un cot\u00e9 BISTROT<\/h1>\t\t\t\t<\/div>\n\t\t\t\t<\/div>\n\t\t\t\t<div class=\"elementor-element elementor-element-de5726d elementor-hidden-desktop elementor-hidden-tablet elementor-widget elementor-widget-heading\" data-id=\"de5726d\" data-element_type=\"widget\" data-e-type=\"widget\" data-widget_type=\"heading.default\">\n\t\t\t\t<div class=\"elementor-widget-container\">\n\t\t\t\t\t<h2 class=\"elementor-heading-title elementor-size-default\">Un cot\u00e9 RESTO....\n....Un cot\u00e9 BISTROT<\/h2>\t\t\t\t<\/div>\n\t\t\t\t<\/div>\n\t\t\t\t\t<\/div>\n\t\t<\/div>\n\t\t\t\t\t<\/div>\n\t\t<\/section>\n\t\t\t\t\t<\/div>\n\t\t<\/div>\n\t\t\t\t\t<\/div>\n\t\t<\/section>\n\t\t\t\t<section class=\"elementor-section elementor-top-section elementor-element elementor-element-98a68bd elementor-section-boxed elementor-section-height-default elementor-section-height-default\" data-id=\"98a68bd\" data-element_type=\"section\" data-e-type=\"section\" data-settings=\"{&quot;background_background&quot;:&quot;classic&quot;}\">\n\t\t\t\t\t\t<div class=\"elementor-container elementor-column-gap-default\">\n\t\t\t\t\t<div class=\"elementor-column elementor-col-50 elementor-top-column elementor-element elementor-element-689106e\" data-id=\"689106e\" data-element_type=\"column\" data-e-type=\"column\">\n\t\t\t<div class=\"elementor-widget-wrap elementor-element-populated\">\n\t\t\t\t\t\t<div class=\"elementor-element elementor-element-c1f9a25 elementor-widget elementor-widget-spacer\" data-id=\"c1f9a25\" data-element_type=\"widget\" data-e-type=\"widget\" data-widget_type=\"spacer.default\">\n\t\t\t\t<div class=\"elementor-widget-container\">\n\t\t\t\t\t\t\t<div class=\"elementor-spacer\">\n\t\t\t<div class=\"elementor-spacer-inner\"><\/div>\n\t\t<\/div>\n\t\t\t\t\t\t<\/div>\n\t\t\t\t<\/div>\n\t\t\t\t<div class=\"elementor-element elementor-element-2d3daf8 elementor-invisible elementor-widget elementor-widget-image\" data-id=\"2d3daf8\" data-element_type=\"widget\" data-e-type=\"widget\" data-settings=\"{&quot;_animation&quot;:&quot;fadeInLeft&quot;}\" data-widget_type=\"image.default\">\n\t\t\t\t<div class=\"elementor-widget-container\">\n\t\t\t\t\t\t\t\t\t\t\t\t\t\t\t<img fetchpriority=\"high\" decoding=\"async\" width=\"1024\" height=\"655\" src=\"https:\/\/serialburger.fr\/wp-content\/uploads\/2024\/07\/SERIAL-1024x655.webp\" class=\"attachment-large size-large wp-image-1519\" alt=\"SERIAL-BURGER-METZ\" srcset=\"https:\/\/serialburger.fr\/wp-content\/uploads\/2024\/07\/SERIAL-1024x655.webp 1024w, https:\/\/serialburger.fr\/wp-content\/uploads\/2024\/07\/SERIAL-300x192.webp 300w, https:\/\/serialburger.fr\/wp-content\/uploads\/2024\/07\/SERIAL-768x491.webp 768w, https:\/\/serialburger.fr\/wp-content\/uploads\/2024\/07\/SERIAL-1536x982.webp 1536w, https:\/\/serialburger.fr\/wp-content\/uploads\/2024\/07\/SERIAL-2048x1309.webp 2048w, https:\/\/serialburger.fr\/wp-content\/uploads\/2024\/07\/SERIAL-1689x1080.webp 1689w\" sizes=\"(max-width: 1024px) 100vw, 1024px\" \/>\t\t\t\t\t\t\t\t\t\t\t\t\t\t\t<\/div>\n\t\t\t\t<\/div>\n\t\t\t\t\t<\/div>\n\t\t<\/div>\n\t\t\t\t<div class=\"elementor-column elementor-col-50 elementor-top-column elementor-element elementor-element-419f5cd\" data-id=\"419f5cd\" data-element_type=\"column\" data-e-type=\"column\">\n\t\t\t<div class=\"elementor-widget-wrap elementor-element-populated\">\n\t\t\t\t\t\t<div class=\"elementor-element elementor-element-a2b5ff6 elementor-hidden-mobile elementor-widget elementor-widget-spacer\" data-id=\"a2b5ff6\" data-element_type=\"widget\" data-e-type=\"widget\" data-widget_type=\"spacer.default\">\n\t\t\t\t<div class=\"elementor-widget-container\">\n\t\t\t\t\t\t\t<div class=\"elementor-spacer\">\n\t\t\t<div class=\"elementor-spacer-inner\"><\/div>\n\t\t<\/div>\n\t\t\t\t\t\t<\/div>\n\t\t\t\t<\/div>\n\t\t\t\t<div class=\"elementor-element elementor-element-c1a6f9c elementor-widget elementor-widget-text-editor\" data-id=\"c1a6f9c\" data-element_type=\"widget\" data-e-type=\"widget\" data-settings=\"{&quot;_animation&quot;:&quot;none&quot;}\" data-widget_type=\"text-editor.default\">\n\t\t\t\t<div class=\"elementor-widget-container\">\n\t\t\t\t\t\t\t\t\t<h2>\u00a0<\/h2><p>Notre concept hybride de <span style=\"text-decoration: underline;\"><strong>Bistrot-Burger<\/strong><\/span>, \u00e0 mi-chemin entre un fast-food, un bar et une brasserie vous propose une exp\u00e9rience nouvelle sur Metz.<\/p><p>Plongez ou replongez dans l&rsquo;univers de vos s\u00e9ries TV pr\u00e9f\u00e9r\u00e9es \u00e0 travers nos diff\u00e9rents burgers de qualit\u00e9 !<\/p><p>Ici, vous \u00eates vous-m\u00eame les acteurs de notre \u00e9tablissement.<\/p>\t\t\t\t\t\t\t\t<\/div>\n\t\t\t\t<\/div>\n\t\t\t\t\t<\/div>\n\t\t<\/div>\n\t\t\t\t\t<\/div>\n\t\t<\/section>\n\t\t\t\t<section class=\"elementor-section elementor-top-section elementor-element elementor-element-affa62f elementor-section-boxed elementor-section-height-default elementor-section-height-default\" data-id=\"affa62f\" data-element_type=\"section\" data-e-type=\"section\" data-settings=\"{&quot;background_background&quot;:&quot;classic&quot;}\">\n\t\t\t\t\t\t<div class=\"elementor-container elementor-column-gap-default\">\n\t\t\t\t\t<div class=\"elementor-column elementor-col-50 elementor-top-column elementor-element elementor-element-c580631\" data-id=\"c580631\" data-element_type=\"column\" data-e-type=\"column\">\n\t\t\t<div class=\"elementor-widget-wrap elementor-element-populated\">\n\t\t\t\t\t\t<div class=\"elementor-element elementor-element-49b7ee6 elementor-widget elementor-widget-text-editor\" data-id=\"49b7ee6\" data-element_type=\"widget\" data-e-type=\"widget\" data-settings=\"{&quot;_animation&quot;:&quot;none&quot;}\" data-widget_type=\"text-editor.default\">\n\t\t\t\t<div class=\"elementor-widget-container\">\n\t\t\t\t\t\t\t\t\t<p>\u00a0<\/p><p>Notre \u00e9quipe de r\u00e9alisateurs, dirig\u00e9e d&rsquo;une main de ma\u00eetre par notre metteur en sc\u00e8ne, saura vous guider \u00e0 travers les saisons&#8230;<\/p><p><span style=\"text-decoration: underline;\"><strong>Nos diff\u00e9rents fournisseurs de renom r\u00e9put\u00e9s par leur savoir-faire et leur qualit\u00e9<\/strong><\/span> ont \u00e9t\u00e9 s\u00e9lectionn\u00e9s par nos soins afin de vous faire vivre une exp\u00e9rience bistronomique la plus agr\u00e9able possible.<\/p><p>Que ce soit pour d\u00e9couvrir nos d\u00e9licieux burgers, prendre un verre ou retrouver vos amis autour d&rsquo;un ap\u00e9ro convivial, notre salle de restauration ainsi que notre terrasse vous permettront de profiter d&rsquo;un agr\u00e9able moment en plein centre ville de Metz.<\/p><h2>\u00a0<\/h2>\t\t\t\t\t\t\t\t<\/div>\n\t\t\t\t<\/div>\n\t\t\t\t\t<\/div>\n\t\t<\/div>\n\t\t\t\t<div class=\"elementor-column elementor-col-50 elementor-top-column elementor-element elementor-element-952dee1\" data-id=\"952dee1\" data-element_type=\"column\" data-e-type=\"column\">\n\t\t\t<div class=\"elementor-widget-wrap elementor-element-populated\">\n\t\t\t\t\t\t<div class=\"elementor-element elementor-element-ab6f263 elementor-widget elementor-widget-spacer\" data-id=\"ab6f263\" data-element_type=\"widget\" data-e-type=\"widget\" data-widget_type=\"spacer.default\">\n\t\t\t\t<div class=\"elementor-widget-container\">\n\t\t\t\t\t\t\t<div class=\"elementor-spacer\">\n\t\t\t<div class=\"elementor-spacer-inner\"><\/div>\n\t\t<\/div>\n\t\t\t\t\t\t<\/div>\n\t\t\t\t<\/div>\n\t\t\t\t<div class=\"elementor-element elementor-element-a978318 elementor-invisible elementor-widget elementor-widget-image\" data-id=\"a978318\" data-element_type=\"widget\" data-e-type=\"widget\" data-settings=\"{&quot;_animation&quot;:&quot;fadeInRight&quot;}\" data-widget_type=\"image.default\">\n\t\t\t\t<div class=\"elementor-widget-container\">\n\t\t\t\t\t\t\t\t\t\t\t\t\t\t\t<img decoding=\"async\" width=\"1024\" height=\"576\" src=\"https:\/\/serialburger.fr\/wp-content\/uploads\/2024\/07\/BUS-1-1024x576.webp\" class=\"attachment-large size-large wp-image-1521\" alt=\"SERIAL-BURGER-METZ-BUD\" srcset=\"https:\/\/serialburger.fr\/wp-content\/uploads\/2024\/07\/BUS-1-1024x576.webp 1024w, https:\/\/serialburger.fr\/wp-content\/uploads\/2024\/07\/BUS-1-300x169.webp 300w, https:\/\/serialburger.fr\/wp-content\/uploads\/2024\/07\/BUS-1-768x432.webp 768w, https:\/\/serialburger.fr\/wp-content\/uploads\/2024\/07\/BUS-1-1536x863.webp 1536w, https:\/\/serialburger.fr\/wp-content\/uploads\/2024\/07\/BUS-1-2048x1151.webp 2048w, https:\/\/serialburger.fr\/wp-content\/uploads\/2024\/07\/BUS-1-1920x1080.webp 1920w\" sizes=\"(max-width: 1024px) 100vw, 1024px\" \/>\t\t\t\t\t\t\t\t\t\t\t\t\t\t\t<\/div>\n\t\t\t\t<\/div>\n\t\t\t\t\t<\/div>\n\t\t<\/div>\n\t\t\t\t\t<\/div>\n\t\t<\/section>\n\t\t\t\t<section class=\"elementor-section elementor-top-section elementor-element elementor-element-cd3f45c elementor-section-boxed elementor-section-height-default elementor-section-height-default\" data-id=\"cd3f45c\" data-element_type=\"section\" data-e-type=\"section\" data-settings=\"{&quot;background_background&quot;:&quot;classic&quot;}\">\n\t\t\t\t\t\t<div class=\"elementor-container elementor-column-gap-default\">\n\t\t\t\t\t<div class=\"elementor-column elementor-col-100 elementor-top-column elementor-element elementor-element-c058a3a\" data-id=\"c058a3a\" data-element_type=\"column\" data-e-type=\"column\">\n\t\t\t<div class=\"elementor-widget-wrap elementor-element-populated\">\n\t\t\t\t\t\t<div class=\"elementor-element elementor-element-982c896 elementor-hidden-desktop elementor-widget elementor-widget-spacer\" data-id=\"982c896\" data-element_type=\"widget\" data-e-type=\"widget\" data-widget_type=\"spacer.default\">\n\t\t\t\t<div class=\"elementor-widget-container\">\n\t\t\t\t\t\t\t<div class=\"elementor-spacer\">\n\t\t\t<div class=\"elementor-spacer-inner\"><\/div>\n\t\t<\/div>\n\t\t\t\t\t\t<\/div>\n\t\t\t\t<\/div>\n\t\t\t\t<div class=\"elementor-element elementor-element-dca3314 elementor-invisible elementor-widget elementor-widget-image\" data-id=\"dca3314\" data-element_type=\"widget\" data-e-type=\"widget\" data-settings=\"{&quot;_animation&quot;:&quot;fadeIn&quot;}\" data-widget_type=\"image.default\">\n\t\t\t\t<div class=\"elementor-widget-container\">\n\t\t\t\t\t\t\t\t\t\t\t\t\t\t\t<img decoding=\"async\" width=\"1024\" height=\"582\" src=\"https:\/\/serialburger.fr\/wp-content\/uploads\/2024\/07\/logo-SERIALBURGER_sans-fond-1024x582.png\" class=\"attachment-large size-large wp-image-1518\" alt=\"logo-SERIALBURGER_metz\" srcset=\"https:\/\/serialburger.fr\/wp-content\/uploads\/2024\/07\/logo-SERIALBURGER_sans-fond-1024x582.png 1024w, https:\/\/serialburger.fr\/wp-content\/uploads\/2024\/07\/logo-SERIALBURGER_sans-fond-300x170.png 300w, https:\/\/serialburger.fr\/wp-content\/uploads\/2024\/07\/logo-SERIALBURGER_sans-fond-768x436.png 768w, https:\/\/serialburger.fr\/wp-content\/uploads\/2024\/07\/logo-SERIALBURGER_sans-fond-1536x872.png 1536w, https:\/\/serialburger.fr\/wp-content\/uploads\/2024\/07\/logo-SERIALBURGER_sans-fond-20x11.png 20w, https:\/\/serialburger.fr\/wp-content\/uploads\/2024\/07\/logo-SERIALBURGER_sans-fond.png 1861w\" sizes=\"(max-width: 1024px) 100vw, 1024px\" \/>\t\t\t\t\t\t\t\t\t\t\t\t\t\t\t<\/div>\n\t\t\t\t<\/div>\n\t\t\t\t<div class=\"elementor-element elementor-element-2f56512 elementor-widget elementor-widget-spacer\" data-id=\"2f56512\" data-element_type=\"widget\" data-e-type=\"widget\" data-widget_type=\"spacer.default\">\n\t\t\t\t<div class=\"elementor-widget-container\">\n\t\t\t\t\t\t\t<div class=\"elementor-spacer\">\n\t\t\t<div class=\"elementor-spacer-inner\"><\/div>\n\t\t<\/div>\n\t\t\t\t\t\t<\/div>\n\t\t\t\t<\/div>\n\t\t\t\t\t<\/div>\n\t\t<\/div>\n\t\t\t\t\t<\/div>\n\t\t<\/section>\n\t\t\t\t<\/div>\n\t\t","protected":false},"excerpt":{"rendered":"<p>Un cot\u00e9 RESTO et Un cot\u00e9 BISTROT Un cot\u00e9 RESTO&#8230;. &#8230;.Un cot\u00e9 BISTROT \u00a0 Notre concept hybride de Bistrot-Burger, \u00e0 mi-chemin entre un fast-food, un bar et une brasserie vous propose une exp\u00e9rience nouvelle sur Metz. Plongez ou replongez dans l&rsquo;univers de vos s\u00e9ries TV pr\u00e9f\u00e9r\u00e9es \u00e0 travers nos diff\u00e9rents burgers de qualit\u00e9 ! Ici,&hellip; <br \/> <a class=\"read-more\" href=\"https:\/\/serialburger.fr\/index.php\/notre-concept\/\">Lire la suite<\/a><\/p>\n","protected":false},"author":1,"featured_media":0,"parent":0,"menu_order":0,"comment_status":"closed","ping_status":"closed","template":"elementor_header_footer","meta":{"footnotes":""},"class_list":["post-207","page","type-page","status-publish","hentry"],"_links":{"self":[{"href":"https:\/\/serialburger.fr\/index.php\/wp-json\/wp\/v2\/pages\/207"}],"collection":[{"href":"https:\/\/serialburger.fr\/index.php\/wp-json\/wp\/v2\/pages"}],"about":[{"href":"https:\/\/serialburger.fr\/index.php\/wp-json\/wp\/v2\/types\/page"}],"author":[{"embeddable":true,"href":"https:\/\/serialburger.fr\/index.php\/wp-json\/wp\/v2\/users\/1"}],"replies":[{"embeddable":true,"href":"https:\/\/serialburger.fr\/index.php\/wp-json\/wp\/v2\/comments?post=207"}],"version-history":[{"count":68,"href":"https:\/\/serialburger.fr\/index.php\/wp-json\/wp\/v2\/pages\/207\/revisions"}],"predecessor-version":[{"id":1601,"href":"https:\/\/serialburger.fr\/index.php\/wp-json\/wp\/v2\/pages\/207\/revisions\/1601"}],"wp:attachment":[{"href":"https:\/\/serialburger.fr\/index.php\/wp-json\/wp\/v2\/media?parent=207"}],"curies":[{"name":"wp","href":"https:\/\/api.w.org\/{rel}","templated":true}]}}